{"id":1853,"date":"2021-07-19T09:37:11","date_gmt":"2021-07-19T09:37:11","guid":{"rendered":"https:\/\/reposchezmargot.com\/kamers\/la-place\/"},"modified":"2025-09-28T08:51:52","modified_gmt":"2025-09-28T06:51:52","slug":"la-place","status":"publish","type":"product","link":"https:\/\/reposchezmargot.com\/fr\/chambres\/la-place\/","title":{"rendered":"La Place"},"content":{"rendered":"","protected":false},"excerpt":{"rendered":"<p>La chambre La Place dispose de sa propre entr\u00e9e, salle de bain, chaises de jardin, coin salon et coin caf\u00e9 avec r\u00e9frig\u00e9rateur<\/p>\n<p>Il y a un lit double de 200\/160 et il y a des options de rangement.<\/p>\n<p>Cette chambre peut \u00eatre lou\u00e9e en combinaison avec la chambre L\u2019Abri en tant que chambres familiales avec portes communicantes dans le couloir.<\/p>\n<p>Tarifs par nuit, petit-d\u00e9jeuner et taxe de s\u00e9jour compris :<\/p>\n<p>1er janvier jusqu\u2019au 30 juin et au 1er septembre jusqu\u2019au 31 d\u00e9cembre.<br \/>\n\u20ac 75,-<\/p>\n<p>1 juillet jusqu\u2019au 31 ao\u00fbt.<br \/>\n\u20ac 95,-<\/p>\n<p><strong>Pour effectuer une r\u00e9servation, vous devez cliquer sur la date d&rsquo;arriv\u00e9e et la date de d\u00e9part dans le calendrier.<\/strong><\/p>\n<p style=\"background: white; vertical-align: baseline;\">\n","protected":false},"featured_media":3289,"comment_status":"open","ping_status":"closed","template":"","meta":[],"product_brand":[],"product_cat":[49],"product_tag":[],"class_list":{"0":"post-1853","1":"product","2":"type-product","3":"status-publish","4":"has-post-thumbnail","6":"product_cat-chambre","8":"first","9":"instock","10":"sold-individually","11":"taxable","12":"shipping-taxable","13":"purchasable","14":"product-type-accommodation-booking"},"_links":{"self":[{"href":"https:\/\/reposchezmargot.com\/fr\/wp-json\/wp\/v2\/product\/1853","targetHints":{"allow":["GET"]}}],"collection":[{"href":"https:\/\/reposchezmargot.com\/fr\/wp-json\/wp\/v2\/product"}],"about":[{"href":"https:\/\/reposchezmargot.com\/fr\/wp-json\/wp\/v2\/types\/product"}],"replies":[{"embeddable":true,"href":"https:\/\/reposchezmargot.com\/fr\/wp-json\/wp\/v2\/comments?post=1853"}],"wp:featuredmedia":[{"embeddable":true,"href":"https:\/\/reposchezmargot.com\/fr\/wp-json\/wp\/v2\/media\/3289"}],"wp:attachment":[{"href":"https:\/\/reposchezmargot.com\/fr\/wp-json\/wp\/v2\/media?parent=1853"}],"wp:term":[{"taxonomy":"product_brand","embeddable":true,"href":"https:\/\/reposchezmargot.com\/fr\/wp-json\/wp\/v2\/product_brand?post=1853"},{"taxonomy":"product_cat","embeddable":true,"href":"https:\/\/reposchezmargot.com\/fr\/wp-json\/wp\/v2\/product_cat?post=1853"},{"taxonomy":"product_tag","embeddable":true,"href":"https:\/\/reposchezmargot.com\/fr\/wp-json\/wp\/v2\/product_tag?post=1853"}],"curies":[{"name":"wp","href":"https:\/\/api.w.org\/{rel}","templated":true}]}}