{"id":1856,"date":"2021-07-07T10:50:38","date_gmt":"2021-07-07T10:50:38","guid":{"rendered":"https:\/\/reposchezmargot.com\/kamers\/la-cour\/"},"modified":"2025-12-20T05:19:26","modified_gmt":"2025-12-20T04:19:26","slug":"la-cour","status":"publish","type":"product","link":"https:\/\/reposchezmargot.com\/fr\/chambres\/la-cour\/","title":{"rendered":"La Cour"},"content":{"rendered":"","protected":false},"excerpt":{"rendered":"<p>Cette chambre double dispose d&rsquo;une salle de bain priv\u00e9e avec lavabo, douche (y compris douche \u00e0 effet pluie et massage) et toilettes, a une superficie de 20 m2 et est situ\u00e9e au rez-de-chauss\u00e9e.<br \/>\nIl y a un lit double de 210&#215;180, des meubles de rangement et une banquette. La chambre dispose \u00e9galement d&rsquo;un coin caf\u00e9 avec un petit r\u00e9frig\u00e9rateur (0 dB), une bouilloire et une machine \u00e0 caf\u00e9 Senseo. La chambre est \u00e9quip\u00e9e de chauffage. Cette grande chambre a \u00e9galement sa propre entr\u00e9e et sa terrasse avec table et chaises de jardin.<\/p>\n<p>Tarifs par nuit, petit-d\u00e9jeuner et taxe de s\u00e9jour compris :<br \/>\nDu 1er janvier au 30 juin et du 1er septembre au 31 d\u00e9cembre<br \/>\n\u20ac75,-<\/p>\n<p>1 juillet &#8211; 31 ao\u00fbt<br \/>\n\u20ac95,-<\/p>\n<h5>Pour effectuer une r\u00e9servation, vous devez cliquer sur la date d\u2019arriv\u00e9e et la date de d\u00e9part dans le calendrier.<\/h5>\n","protected":false},"featured_media":2741,"comment_status":"open","ping_status":"closed","template":"","meta":[],"product_brand":[],"product_cat":[49],"product_tag":[],"class_list":{"0":"post-1856","1":"product","2":"type-product","3":"status-publish","4":"has-post-thumbnail","6":"product_cat-chambre","8":"first","9":"instock","10":"sold-individually","11":"taxable","12":"shipping-taxable","13":"purchasable","14":"product-type-accommodation-booking"},"_links":{"self":[{"href":"https:\/\/reposchezmargot.com\/fr\/wp-json\/wp\/v2\/product\/1856","targetHints":{"allow":["GET"]}}],"collection":[{"href":"https:\/\/reposchezmargot.com\/fr\/wp-json\/wp\/v2\/product"}],"about":[{"href":"https:\/\/reposchezmargot.com\/fr\/wp-json\/wp\/v2\/types\/product"}],"replies":[{"embeddable":true,"href":"https:\/\/reposchezmargot.com\/fr\/wp-json\/wp\/v2\/comments?post=1856"}],"wp:featuredmedia":[{"embeddable":true,"href":"https:\/\/reposchezmargot.com\/fr\/wp-json\/wp\/v2\/media\/2741"}],"wp:attachment":[{"href":"https:\/\/reposchezmargot.com\/fr\/wp-json\/wp\/v2\/media?parent=1856"}],"wp:term":[{"taxonomy":"product_brand","embeddable":true,"href":"https:\/\/reposchezmargot.com\/fr\/wp-json\/wp\/v2\/product_brand?post=1856"},{"taxonomy":"product_cat","embeddable":true,"href":"https:\/\/reposchezmargot.com\/fr\/wp-json\/wp\/v2\/product_cat?post=1856"},{"taxonomy":"product_tag","embeddable":true,"href":"https:\/\/reposchezmargot.com\/fr\/wp-json\/wp\/v2\/product_tag?post=1856"}],"curies":[{"name":"wp","href":"https:\/\/api.w.org\/{rel}","templated":true}]}}