{"id":2084,"date":"2021-12-07T16:05:15","date_gmt":"2021-12-07T15:05:15","guid":{"rendered":"https:\/\/reposchezmargot.com\/kamers\/labri\/"},"modified":"2025-09-26T18:33:35","modified_gmt":"2025-09-26T16:33:35","slug":"labri","status":"publish","type":"product","link":"https:\/\/reposchezmargot.com\/fr\/chambres\/labri\/","title":{"rendered":"L&rsquo; Abri"},"content":{"rendered":"","protected":false},"excerpt":{"rendered":"<p>L\u2019Abri est une chambre avec un lit 200\/160 et des rangements. Elle dispose d\u2019une salle de bains privative et de toilettes s\u00e9par\u00e9es. Les lits peuvent \u00e9galement \u00eatre faits s\u00e9par\u00e9ment.<\/p>\n<p>Les chambres L\u2019Abri et La Place peuvent \u00e9galement \u00eatre lou\u00e9es ensemble en tant que chambres familiales pouvant accueillir jusqu\u2019\u00e0 4 personnes.<\/p>\n<p>Tarifs par nuit, petit-d\u00e9jeuner et taxe de s\u00e9jour compris :<br \/>\n1er janv. jusqu\u2019au 30 juin et au 1er sept. jusqu\u2019au 31 d\u00e9c.<br \/>\n\u20ac60,-<\/p>\n<p>1 juil. jusqu\u2019au 31 ao\u00fbt.<br \/>\n\u20ac 70,-<\/p>\n<p><strong>Pour effectuer une r\u00e9servation, vous devez cliquer sur la date d&rsquo;arriv\u00e9e et la date de d\u00e9part dans le calendrier.<\/strong><\/p>\n","protected":false},"featured_media":2451,"comment_status":"open","ping_status":"closed","template":"","meta":[],"product_brand":[],"product_cat":[49],"product_tag":[],"class_list":{"0":"post-2084","1":"product","2":"type-product","3":"status-publish","4":"has-post-thumbnail","6":"product_cat-chambre","8":"first","9":"instock","10":"sold-individually","11":"taxable","12":"shipping-taxable","13":"purchasable","14":"product-type-accommodation-booking"},"_links":{"self":[{"href":"https:\/\/reposchezmargot.com\/fr\/wp-json\/wp\/v2\/product\/2084","targetHints":{"allow":["GET"]}}],"collection":[{"href":"https:\/\/reposchezmargot.com\/fr\/wp-json\/wp\/v2\/product"}],"about":[{"href":"https:\/\/reposchezmargot.com\/fr\/wp-json\/wp\/v2\/types\/product"}],"replies":[{"embeddable":true,"href":"https:\/\/reposchezmargot.com\/fr\/wp-json\/wp\/v2\/comments?post=2084"}],"wp:featuredmedia":[{"embeddable":true,"href":"https:\/\/reposchezmargot.com\/fr\/wp-json\/wp\/v2\/media\/2451"}],"wp:attachment":[{"href":"https:\/\/reposchezmargot.com\/fr\/wp-json\/wp\/v2\/media?parent=2084"}],"wp:term":[{"taxonomy":"product_brand","embeddable":true,"href":"https:\/\/reposchezmargot.com\/fr\/wp-json\/wp\/v2\/product_brand?post=2084"},{"taxonomy":"product_cat","embeddable":true,"href":"https:\/\/reposchezmargot.com\/fr\/wp-json\/wp\/v2\/product_cat?post=2084"},{"taxonomy":"product_tag","embeddable":true,"href":"https:\/\/reposchezmargot.com\/fr\/wp-json\/wp\/v2\/product_tag?post=2084"}],"curies":[{"name":"wp","href":"https:\/\/api.w.org\/{rel}","templated":true}]}}